{"id":62,"date":"2024-12-09T21:44:58","date_gmt":"2024-12-09T21:44:58","guid":{"rendered":"https:\/\/venture-ai-germany.org\/?page_id=62"},"modified":"2026-02-10T07:50:23","modified_gmt":"2026-02-10T07:50:23","slug":"impressum","status":"publish","type":"page","link":"https:\/\/venture-ai-germany.org\/en\/impressum\/","title":{"rendered":"Imprint"},"content":{"rendered":"<p>[et_pb_section fb_built=&#8220;1&#8243; admin_label=&#8220;Hero Section&#8220; _builder_version=&#8220;4.16&#8243; use_background_color_gradient=&#8220;on&#8220; background_color_gradient_type=&#8220;circular&#8220; background_color_gradient_direction_radial=&#8220;top&#8220; background_color_gradient_stops=&#8220;#2B2996 0%|#101535 50%&#8220; background_color_gradient_start=&#8220;#2B2996&#8243; background_color_gradient_end=&#8220;#101535&#8243; background_color_gradient_end_position=&#8220;50%&#8220; background_image=&#8220;https:\/\/venture-ai-germany.org\/wp-content\/uploads\/2024\/12\/crypto_illustration_17.png&#8220; background_size=&#8220;initial&#8220; background_position=&#8220;top_center&#8220; custom_padding=&#8220;50px||9px|||&#8220; global_colors_info=&#8220;{}&#8220;][et_pb_row _builder_version=&#8220;4.27.4&#8243; _module_preset=&#8220;default&#8220; custom_padding=&#8220;0px||50px|||&#8220; global_colors_info=&#8220;{}&#8220;][et_pb_column type=&#8220;4_4&#8243; _builder_version=&#8220;4.27.4&#8243; _module_preset=&#8220;default&#8220; global_colors_info=&#8220;{}&#8220;][et_pb_image src=&#8220;https:\/\/venture-ai-germany.org\/wp-content\/uploads\/2025\/08\/VENTURE-AI-GERMANY-1.png&#8220; title_text=&#8220;VENTURE AI GERMANY&#8220; url=&#8220;https:\/\/venture-ai-germany.org\/&#8220; _builder_version=&#8220;4.27.4&#8243; _module_preset=&#8220;default&#8220; width=&#8220;15%&#8220; width_tablet=&#8220;35%&#8220; width_phone=&#8220;45%&#8220; width_last_edited=&#8220;on|phone&#8220; custom_padding=&#8220;0px|||||&#8220; module_alignment_tablet=&#8220;&#8220; module_alignment_phone=&#8220;center&#8220; module_alignment_last_edited=&#8220;on|phone&#8220; global_colors_info=&#8220;{}&#8220;][\/et_pb_image][\/et_pb_column][\/et_pb_row][et_pb_row _builder_version=&#8220;4.16&#8243; background_size=&#8220;initial&#8220; background_position=&#8220;top_left&#8220; background_repeat=&#8220;repeat&#8220; module_alignment=&#8220;center&#8220; custom_padding=&#8220;||1px|||&#8220; custom_width_px=&#8220;700px&#8220; global_colors_info=&#8220;{}&#8220;][et_pb_column type=&#8220;4_4&#8243; _builder_version=&#8220;4.16&#8243; custom_padding=&#8220;|||&#8220; global_colors_info=&#8220;{}&#8220; custom_padding__hover=&#8220;|||&#8220;][et_pb_text _builder_version=&#8220;4.27.4&#8243; text_font=&#8220;||||||||&#8220; text_font_size=&#8220;18px&#8220; text_line_height=&#8220;2em&#8220; header_font=&#8220;Roboto Condensed||||||||&#8220; header_text_align=&#8220;left&#8220; header_font_size=&#8220;40px&#8220; header_line_height=&#8220;1.4em&#8220; header_2_font=&#8220;Titillium Web||||||||&#8220; header_2_font_size=&#8220;66px&#8220; header_2_line_height=&#8220;1.5em&#8220; header_3_font=&#8220;Titillium Web||||||||&#8220; header_3_font_size=&#8220;66px&#8220; header_3_line_height=&#8220;1.5em&#8220; header_4_font=&#8220;Titillium Web||||||||&#8220; header_4_font_size=&#8220;66px&#8220; header_4_line_height=&#8220;1.5em&#8220; header_5_font=&#8220;Titillium Web||||||||&#8220; header_5_font_size=&#8220;66px&#8220; header_5_line_height=&#8220;1.5em&#8220; header_6_font=&#8220;Titillium Web||||||||&#8220; header_6_font_size=&#8220;66px&#8220; header_6_line_height=&#8220;1.5em&#8220; text_orientation=&#8220;center&#8220; background_layout=&#8220;dark&#8220; max_width=&#8220;1161px&#8220; module_alignment=&#8220;center&#8220; hover_enabled=&#8220;0&#8243; header_font_size_tablet=&#8220;40px&#8220; header_font_size_phone=&#8220;&#8220; header_font_size_last_edited=&#8220;on|phone&#8220; global_colors_info=&#8220;{}&#8220; sticky_enabled=&#8220;0&#8243;]<\/p>\n<h1>Impressum<\/h1>\n<p>[\/et_pb_text][\/et_pb_column][\/et_pb_row][et_pb_row _builder_version=&#8220;4.27.4&#8243; _module_preset=&#8220;default&#8220; global_colors_info=&#8220;{}&#8220;][et_pb_column type=&#8220;4_4&#8243; _builder_version=&#8220;4.27.4&#8243; _module_preset=&#8220;default&#8220; global_colors_info=&#8220;{}&#8220;][et_pb_text _builder_version=&#8220;4.27.5&#8243; _module_preset=&#8220;default&#8220; text_font=&#8220;Roboto Condensed||||||||&#8220; text_text_color=&#8220;#FFFFFF&#8220; text_font_size=&#8220;18px&#8220; text_line_height=&#8220;1.4em&#8220; hover_enabled=&#8220;0&#8243; global_colors_info=&#8220;{}&#8220; sticky_enabled=&#8220;0&#8243;]<\/p>\n<p><strong><span>Angaben gem\u00e4\u00df \u00a7 5 TMG<\/span><\/strong><\/p>\n<p>Bundesverband f\u00fcr KI-Transformation e.V.<br \/>Leopoldstra\u00dfe 31<br \/>80802 M\u00fcnchen<\/p>\n<p>Register: VR200786<\/p>\n<p>Telefon: +49 151 2 555 555 7<br \/>E-Mail: <a href=\"mailto:team@bundesverband.ai\" target=\"_blank\" rel=\"noopener\">team@bundesverband.ai<\/a><\/p>\n<p><strong><\/strong><\/p>\n<p><strong>Vertreten durch:<\/strong><br \/>Norman M\u00fcller (Vorstandsvorsitzender)<\/p>\n<p>&nbsp;<\/p>\n<p><strong>EU-Streitschlichtung<\/strong><\/p>\n<p>Die Europ\u00e4ische Kommission stellt eine Plattform zur Online-Streitbeilegung (OS) bereit:<span>\u00a0<\/span><a href=\"https:\/\/ec.europa.eu\/consumers\/odr\" target=\"_blank\" rel=\"noopener noreferrer\">https:\/\/ec.europa.eu\/consumers\/odr<\/a>.<br \/>Unsere E-Mail-Adresse finden Sie oben im Impressum.<\/p>\n<p>Verbraucher\u00adstreit\u00adbeilegung\/Universal\u00adschlichtungs\u00adstelle<\/p>\n<p>Wir sind nicht bereit oder verpflichtet, an Streitbeilegungsverfahren vor einer Verbraucherschlichtungsstelle teilzunehmen.<\/p>\n<p><strong><\/strong><\/p>\n<p><strong>Haftung f\u00fcr Inhalte<\/strong><\/p>\n<p>Als Diensteanbieter sind wir gem\u00e4\u00df \u00a7 7 Abs.1 TMG f\u00fcr eigene Inhalte auf diesen Seiten nach den allgemeinen Gesetzen verantwortlich. Nach \u00a7\u00a7 8 bis 10 TMG sind wir als Diensteanbieter jedoch nicht verpflichtet, \u00fcbermittelte oder gespeicherte fremde Informationen zu \u00fcberwachen oder nach Umst\u00e4nden zu forschen, die auf eine rechtswidrige T\u00e4tigkeit hinweisen.<\/p>\n<p>Verpflichtungen zur Entfernung oder Sperrung der Nutzung von Informationen nach den allgemeinen Gesetzen bleiben hiervon unber\u00fchrt. Eine diesbez\u00fcgliche Haftung ist jedoch erst ab dem Zeitpunkt der Kenntnis einer konkreten Rechtsverletzung m\u00f6glich. Bei Bekanntwerden von entsprechenden Rechtsverletzungen werden wir diese Inhalte umgehend entfernen.<\/p>\n<p>&nbsp;<\/p>\n<p><strong>Haftung f\u00fcr Links<\/strong><\/p>\n<p>Unser Angebot enth\u00e4lt Links zu externen Websites Dritter, auf deren Inhalte wir keinen Einfluss haben. Deshalb k\u00f6nnen wir f\u00fcr diese fremden Inhalte auch keine Gew\u00e4hr \u00fcbernehmen. F\u00fcr die Inhalte der verlinkten Seiten ist stets der jeweilige Anbieter oder Betreiber der Seiten verantwortlich. Die verlinkten Seiten wurden zum Zeitpunkt der Verlinkung auf m\u00f6gliche Rechtsverst\u00f6\u00dfe \u00fcberpr\u00fcft. Rechtswidrige Inhalte waren zum Zeitpunkt der Verlinkung nicht erkennbar.<\/p>\n<p>Eine permanente inhaltliche Kontrolle der verlinkten Seiten ist jedoch ohne konkrete Anhaltspunkte einer Rechtsverletzung nicht zumutbar. Bei Bekanntwerden von Rechtsverletzungen werden wir derartige Links umgehend entfernen.<\/p>\n<p>&nbsp;<\/p>\n<p><strong>Urheberrecht<\/strong><\/p>\n<p>Die durch die Seitenbetreiber erstellten Inhalte und Werke auf diesen Seiten unterliegen dem deutschen Urheberrecht. Die Vervielf\u00e4ltigung, Bearbeitung, Verbreitung und jede Art der Verwertung au\u00dferhalb der Grenzen des Urheberrechtes bed\u00fcrfen der schriftlichen Zustimmung des jeweiligen Autors bzw. Erstellers. Downloads und Kopien dieser Seite sind nur f\u00fcr den privaten, nicht kommerziellen Gebrauch gestattet.<\/p>\n<p>Soweit die Inhalte auf dieser Seite nicht vom Betreiber erstellt wurden, werden die Urheberrechte Dritter beachtet. Insbesondere werden Inhalte Dritter als solche gekennzeichnet. Sollten Sie trotzdem auf eine Urheberrechtsverletzung aufmerksam werden, bitten wir um einen entsprechenden Hinweis. Bei Bekanntwerden von Rechtsverletzungen werden wir derartige Inhalte umgehend entfernen.<\/p>\n<p>[\/et_pb_text][\/et_pb_column][\/et_pb_row][\/et_pb_section][et_pb_section fb_built=&#8220;1&#8243; admin_label=&#8220;Features Section&#8220; _builder_version=&#8220;4.16&#8243; background_color=&#8220;#101535&#8243; custom_margin=&#8220;|||&#8220; custom_padding=&#8220;8px||6px|||&#8220; global_colors_info=&#8220;{}&#8220;][\/et_pb_section][et_pb_section fb_built=&#8220;1&#8243; custom_padding_last_edited=&#8220;on|phone&#8220; prev_background_color=&#8220;#101535&#8243; admin_label=&#8220;Contact&#8220; _builder_version=&#8220;4.16&#8243; use_background_color_gradient=&#8220;on&#8220; background_color_gradient_stops=&#8220;#12163D 0%|#2b2996 100%&#8220; background_color_gradient_start=&#8220;#12163D&#8220; background_color_gradient_end=&#8220;#2b2996&#8243; background_image=&#8220;https:\/\/venture-ai-germany.org\/wp-content\/uploads\/2024\/12\/crypto-bg-02.png&#8220; parallax=&#8220;on&#8220; custom_margin=&#8220;|||&#8220; custom_padding=&#8220;400px|0|120px||false|false&#8220; custom_padding_tablet=&#8220;200px|||&#8220; custom_padding_phone=&#8220;150px||100px|&#8220; top_divider_style=&#8220;arrow2&#8243; top_divider_height=&#8220;350px&#8220; top_divider_height_tablet=&#8220;200px&#8220; top_divider_height_phone=&#8220;150px&#8220; top_divider_height_last_edited=&#8220;on|phone&#8220; global_colors_info=&#8220;{}&#8220;][\/et_pb_section][et_pb_section fb_built=&#8220;1&#8243; _builder_version=&#8220;4.27.4&#8243; _module_preset=&#8220;default&#8220; background_color=&#8220;#000000&#8243; custom_padding=&#8220;100px||50px|||&#8220; global_module=&#8220;76&#8243; saved_tabs=&#8220;all&#8220; global_colors_info=&#8220;{}&#8220;][et_pb_row column_structure=&#8220;1_2,1_4,1_4&#8243; _builder_version=&#8220;4.27.4&#8243; _module_preset=&#8220;default&#8220; global_colors_info=&#8220;{}&#8220;][et_pb_column type=&#8220;1_2&#8243; _builder_version=&#8220;4.27.4&#8243; _module_preset=&#8220;default&#8220; global_colors_info=&#8220;{}&#8220;][et_pb_image src=&#8220;https:\/\/venture-ai-germany.org\/wp-content\/uploads\/2025\/09\/5.png&#8220; title_text=&#8220;Venture AI Germany&#8220; _builder_version=&#8220;4.27.4&#8243; _module_preset=&#8220;default&#8220; width=&#8220;85%&#8220; width_tablet=&#8220;&#8220; width_phone=&#8220;90%&#8220; width_last_edited=&#8220;on|phone&#8220; global_colors_info=&#8220;{}&#8220;][\/et_pb_image][et_pb_text _builder_version=&#8220;4.27.4&#8243; _module_preset=&#8220;default&#8220; text_font=&#8220;Roboto Condensed||||||||&#8220; text_text_color=&#8220;#FFFFFF&#8220; text_font_size=&#8220;16px&#8220; text_line_height=&#8220;1.4em&#8220; global_colors_info=&#8220;{}&#8220;]<\/p>\n<p>Wir f\u00f6rdern die wirtschaftliche, gesellschaftliche und technologische Transformation durch die konsequente Nutzung K\u00fcnstlicher Intelligenz.<\/p>\n<p>[\/et_pb_text][\/et_pb_column][et_pb_column type=&#8220;1_4&#8243; _builder_version=&#8220;4.27.4&#8243; _module_preset=&#8220;default&#8220; global_colors_info=&#8220;{}&#8220;][et_pb_text _builder_version=&#8220;4.27.4&#8243; _module_preset=&#8220;default&#8220; text_font=&#8220;Roboto Condensed||||||||&#8220; text_text_color=&#8220;#FFFFFF&#8220; text_font_size=&#8220;16px&#8220; text_line_height=&#8220;1.4em&#8220; global_colors_info=&#8220;{}&#8220;]<\/p>\n<p><strong>NETZWERK<\/strong><\/p>\n<p><a href=\"https:\/\/www.venture-ai-germany.space\" target=\"_blank\" rel=\"noopener\">www.venture-ai-germany.space<\/a><\/p>\n<p>[\/et_pb_text][et_pb_text _builder_version=&#8220;4.27.4&#8243; _module_preset=&#8220;default&#8220; text_font=&#8220;Roboto Condensed||||||||&#8220; text_text_color=&#8220;#FFFFFF&#8220; text_font_size=&#8220;16px&#8220; text_line_height=&#8220;1.4em&#8220; global_colors_info=&#8220;{}&#8220;]<\/p>\n<p><strong>PUBLIKATIONEN<\/strong><\/p>\n<p><a href=\"https:\/\/www.linkedin.com\/company\/bundesverband\" target=\"_blank\" rel=\"noopener\">Verbandsseite auf LinkedIn<\/a><br \/><a href=\"https:\/\/normanmueller.substack.com\/\" target=\"_blank\" rel=\"noopener\">Blog &amp;\u00a0Newsletter<\/a><\/p>\n<p>[\/et_pb_text][\/et_pb_column][et_pb_column type=&#8220;1_4&#8243; _builder_version=&#8220;4.27.4&#8243; _module_preset=&#8220;default&#8220; global_colors_info=&#8220;{}&#8220;][et_pb_text _builder_version=&#8220;4.27.5&#8243; _module_preset=&#8220;default&#8220; text_font=&#8220;Roboto Condensed||||||||&#8220; text_text_color=&#8220;#FFFFFF&#8220; text_font_size=&#8220;16px&#8220; text_line_height=&#8220;1.4em&#8220; global_colors_info=&#8220;{}&#8220;]<\/p>\n<p><strong>KONTAKT<\/strong><\/p>\n<p>Leopoldstra\u00dfe 31\u00a0<br \/>80802 M\u00fcnchen<\/p>\n<p><a href=\"mailto:team@bundesverband.ai\" target=\"_blank\" rel=\"noopener\">team@bundesverband.ai<\/a><\/p>\n<p><strong>META<\/strong><\/p>\n<p><a href=\"https:\/\/venture-ai-germany.org\/impressum\/\">Impressum<\/a><br \/><a href=\"https:\/\/venture-ai-germany.org\/datenschutz\">Datenschutzerkl\u00e4rung<\/a><br \/><a href=\"https:\/\/venture-ai-germany.org\/satzung\">Satzung und Beitragsordnung<\/a><br \/><a href=\"https:\/\/venture-ai-germany.org\/mitgliedschaft\">Mitgliedschaft<\/a><\/p>\n<p>[\/et_pb_text][\/et_pb_column][\/et_pb_row][\/et_pb_section]<\/p>\n","protected":false},"excerpt":{"rendered":"<p>ImpressumAngaben gem\u00e4\u00df \u00a7 5 TMG Bundesverband f\u00fcr KI-Transformation e.V.Leopoldstra\u00dfe 3180802 M\u00fcnchen Register: VR200786 Telefon: +49 151 2 555 555 7E-Mail: team@bundesverband.ai Vertreten durch:Norman M\u00fcller (Vorstandsvorsitzender) &nbsp; EU-Streitschlichtung Die Europ\u00e4ische Kommission stellt eine Plattform zur Online-Streitbeilegung (OS) bereit:\u00a0https:\/\/ec.europa.eu\/consumers\/odr.Unsere E-Mail-Adresse finden Sie oben im Impressum. Verbraucher\u00adstreit\u00adbeilegung\/Universal\u00adschlichtungs\u00adstelle Wir sind nicht bereit oder verpflichtet, an Streitbeilegungsverfahren vor einer Verbraucherschlichtungsstelle [&hellip;]<\/p>\n","protected":false},"author":1,"featured_media":897,"parent":0,"menu_order":0,"comment_status":"closed","ping_status":"closed","template":"page-template-blank.php","meta":{"_et_pb_use_builder":"on","_et_pb_old_content":"","_et_gb_content_width":"","footnotes":""},"class_list":["post-62","page","type-page","status-publish","has-post-thumbnail","hentry"],"yoast_head":"<!-- This site is optimized with the Yoast SEO plugin v27.5 - https:\/\/yoast.com\/product\/yoast-seo-wordpress\/ -->\n<title>Impressum - VENTURE AI GERMANY<\/title>\n<meta name=\"robots\" content=\"index, follow, max-snippet:-1, max-image-preview:large, max-video-preview:-1\" \/>\n<link rel=\"canonical\" href=\"https:\/\/venture-ai-germany.org\/en\/impressum\/\" \/>\n<meta property=\"og:locale\" content=\"en_US\" \/>\n<meta property=\"og:type\" content=\"article\" \/>\n<meta property=\"og:title\" content=\"Impressum - VENTURE AI GERMANY\" \/>\n<meta property=\"og:description\" content=\"ImpressumAngaben gem\u00e4\u00df \u00a7 5 TMG Bundesverband f\u00fcr KI-Transformation e.V.Leopoldstra\u00dfe 3180802 M\u00fcnchen Register: VR200786 Telefon: +49 151 2 555 555 7E-Mail: team@bundesverband.ai Vertreten durch:Norman M\u00fcller (Vorstandsvorsitzender) &nbsp; EU-Streitschlichtung Die Europ\u00e4ische Kommission stellt eine Plattform zur Online-Streitbeilegung (OS) bereit:\u00a0https:\/\/ec.europa.eu\/consumers\/odr.Unsere E-Mail-Adresse finden Sie oben im Impressum. Verbraucher\u00adstreit\u00adbeilegung\/Universal\u00adschlichtungs\u00adstelle Wir sind nicht bereit oder verpflichtet, an Streitbeilegungsverfahren vor einer Verbraucherschlichtungsstelle [&hellip;]\" \/>\n<meta property=\"og:url\" content=\"https:\/\/venture-ai-germany.org\/en\/impressum\/\" \/>\n<meta property=\"og:site_name\" content=\"VENTURE AI GERMANY\" \/>\n<meta property=\"article:modified_time\" content=\"2026-02-10T07:50:23+00:00\" \/>\n<meta property=\"og:image\" content=\"https:\/\/venture-ai-germany.org\/wp-content\/uploads\/2025\/09\/Bundesverband-fuer-KI-Transformation-1600-x-457-px-1601-x-838-px-1600-x-900-px.png\" \/>\n\t<meta property=\"og:image:width\" content=\"1600\" \/>\n\t<meta property=\"og:image:height\" content=\"900\" \/>\n\t<meta property=\"og:image:type\" content=\"image\/png\" \/>\n<meta name=\"twitter:card\" content=\"summary_large_image\" \/>\n<meta name=\"twitter:label1\" content=\"Est. reading time\" \/>\n\t<meta name=\"twitter:data1\" content=\"6 minutes\" \/>\n<script type=\"application\/ld+json\" class=\"yoast-schema-graph\">{\"@context\":\"https:\\\/\\\/schema.org\",\"@graph\":[{\"@type\":\"WebPage\",\"@id\":\"https:\\\/\\\/venture-ai-germany.org\\\/impressum\\\/\",\"url\":\"https:\\\/\\\/venture-ai-germany.org\\\/impressum\\\/\",\"name\":\"Impressum - VENTURE AI GERMANY\",\"isPartOf\":{\"@id\":\"https:\\\/\\\/venture-ai-germany.org\\\/#website\"},\"primaryImageOfPage\":{\"@id\":\"https:\\\/\\\/venture-ai-germany.org\\\/impressum\\\/#primaryimage\"},\"image\":{\"@id\":\"https:\\\/\\\/venture-ai-germany.org\\\/impressum\\\/#primaryimage\"},\"thumbnailUrl\":\"https:\\\/\\\/venture-ai-germany.org\\\/wp-content\\\/uploads\\\/2025\\\/09\\\/Bundesverband-fuer-KI-Transformation-1600-x-457-px-1601-x-838-px-1600-x-900-px.png\",\"datePublished\":\"2024-12-09T21:44:58+00:00\",\"dateModified\":\"2026-02-10T07:50:23+00:00\",\"breadcrumb\":{\"@id\":\"https:\\\/\\\/venture-ai-germany.org\\\/impressum\\\/#breadcrumb\"},\"inLanguage\":\"en-US\",\"potentialAction\":[{\"@type\":\"ReadAction\",\"target\":[\"https:\\\/\\\/venture-ai-germany.org\\\/impressum\\\/\"]}]},{\"@type\":\"ImageObject\",\"inLanguage\":\"en-US\",\"@id\":\"https:\\\/\\\/venture-ai-germany.org\\\/impressum\\\/#primaryimage\",\"url\":\"https:\\\/\\\/venture-ai-germany.org\\\/wp-content\\\/uploads\\\/2025\\\/09\\\/Bundesverband-fuer-KI-Transformation-1600-x-457-px-1601-x-838-px-1600-x-900-px.png\",\"contentUrl\":\"https:\\\/\\\/venture-ai-germany.org\\\/wp-content\\\/uploads\\\/2025\\\/09\\\/Bundesverband-fuer-KI-Transformation-1600-x-457-px-1601-x-838-px-1600-x-900-px.png\",\"width\":1600,\"height\":900},{\"@type\":\"BreadcrumbList\",\"@id\":\"https:\\\/\\\/venture-ai-germany.org\\\/impressum\\\/#breadcrumb\",\"itemListElement\":[{\"@type\":\"ListItem\",\"position\":1,\"name\":\"Start\",\"item\":\"https:\\\/\\\/venture-ai-germany.org\\\/\"},{\"@type\":\"ListItem\",\"position\":2,\"name\":\"Impressum\"}]},{\"@type\":\"WebSite\",\"@id\":\"https:\\\/\\\/venture-ai-germany.org\\\/#website\",\"url\":\"https:\\\/\\\/venture-ai-germany.org\\\/\",\"name\":\"VENTURE AI GERMANY\",\"description\":\"Bundesverband f&uuml;r KI-Transformation e.V.\",\"potentialAction\":[{\"@type\":\"SearchAction\",\"target\":{\"@type\":\"EntryPoint\",\"urlTemplate\":\"https:\\\/\\\/venture-ai-germany.org\\\/?s={search_term_string}\"},\"query-input\":{\"@type\":\"PropertyValueSpecification\",\"valueRequired\":true,\"valueName\":\"search_term_string\"}}],\"inLanguage\":\"en-US\"}]}<\/script>\n<!-- \/ Yoast SEO plugin. -->","yoast_head_json":{"title":"Impressum - VENTURE AI GERMANY","robots":{"index":"index","follow":"follow","max-snippet":"max-snippet:-1","max-image-preview":"max-image-preview:large","max-video-preview":"max-video-preview:-1"},"canonical":"https:\/\/venture-ai-germany.org\/en\/impressum\/","og_locale":"en_US","og_type":"article","og_title":"Impressum - VENTURE AI GERMANY","og_description":"ImpressumAngaben gem\u00e4\u00df \u00a7 5 TMG Bundesverband f\u00fcr KI-Transformation e.V.Leopoldstra\u00dfe 3180802 M\u00fcnchen Register: VR200786 Telefon: +49 151 2 555 555 7E-Mail: team@bundesverband.ai Vertreten durch:Norman M\u00fcller (Vorstandsvorsitzender) &nbsp; EU-Streitschlichtung Die Europ\u00e4ische Kommission stellt eine Plattform zur Online-Streitbeilegung (OS) bereit:\u00a0https:\/\/ec.europa.eu\/consumers\/odr.Unsere E-Mail-Adresse finden Sie oben im Impressum. Verbraucher\u00adstreit\u00adbeilegung\/Universal\u00adschlichtungs\u00adstelle Wir sind nicht bereit oder verpflichtet, an Streitbeilegungsverfahren vor einer Verbraucherschlichtungsstelle [&hellip;]","og_url":"https:\/\/venture-ai-germany.org\/en\/impressum\/","og_site_name":"VENTURE AI GERMANY","article_modified_time":"2026-02-10T07:50:23+00:00","og_image":[{"width":1600,"height":900,"url":"https:\/\/venture-ai-germany.org\/wp-content\/uploads\/2025\/09\/Bundesverband-fuer-KI-Transformation-1600-x-457-px-1601-x-838-px-1600-x-900-px.png","type":"image\/png"}],"twitter_card":"summary_large_image","twitter_misc":{"Est. reading time":"6 minutes"},"schema":{"@context":"https:\/\/schema.org","@graph":[{"@type":"WebPage","@id":"https:\/\/venture-ai-germany.org\/impressum\/","url":"https:\/\/venture-ai-germany.org\/impressum\/","name":"Impressum - VENTURE AI GERMANY","isPartOf":{"@id":"https:\/\/venture-ai-germany.org\/#website"},"primaryImageOfPage":{"@id":"https:\/\/venture-ai-germany.org\/impressum\/#primaryimage"},"image":{"@id":"https:\/\/venture-ai-germany.org\/impressum\/#primaryimage"},"thumbnailUrl":"https:\/\/venture-ai-germany.org\/wp-content\/uploads\/2025\/09\/Bundesverband-fuer-KI-Transformation-1600-x-457-px-1601-x-838-px-1600-x-900-px.png","datePublished":"2024-12-09T21:44:58+00:00","dateModified":"2026-02-10T07:50:23+00:00","breadcrumb":{"@id":"https:\/\/venture-ai-germany.org\/impressum\/#breadcrumb"},"inLanguage":"en-US","potentialAction":[{"@type":"ReadAction","target":["https:\/\/venture-ai-germany.org\/impressum\/"]}]},{"@type":"ImageObject","inLanguage":"en-US","@id":"https:\/\/venture-ai-germany.org\/impressum\/#primaryimage","url":"https:\/\/venture-ai-germany.org\/wp-content\/uploads\/2025\/09\/Bundesverband-fuer-KI-Transformation-1600-x-457-px-1601-x-838-px-1600-x-900-px.png","contentUrl":"https:\/\/venture-ai-germany.org\/wp-content\/uploads\/2025\/09\/Bundesverband-fuer-KI-Transformation-1600-x-457-px-1601-x-838-px-1600-x-900-px.png","width":1600,"height":900},{"@type":"BreadcrumbList","@id":"https:\/\/venture-ai-germany.org\/impressum\/#breadcrumb","itemListElement":[{"@type":"ListItem","position":1,"name":"Start","item":"https:\/\/venture-ai-germany.org\/"},{"@type":"ListItem","position":2,"name":"Impressum"}]},{"@type":"WebSite","@id":"https:\/\/venture-ai-germany.org\/#website","url":"https:\/\/venture-ai-germany.org\/","name":"VENTURE AI GERMANY","description":"Bundesverband f&uuml;r KI-Transformation e.V.","potentialAction":[{"@type":"SearchAction","target":{"@type":"EntryPoint","urlTemplate":"https:\/\/venture-ai-germany.org\/?s={search_term_string}"},"query-input":{"@type":"PropertyValueSpecification","valueRequired":true,"valueName":"search_term_string"}}],"inLanguage":"en-US"}]}},"jetpack_sharing_enabled":true,"_links":{"self":[{"href":"https:\/\/venture-ai-germany.org\/en\/wp-json\/wp\/v2\/pages\/62","targetHints":{"allow":["GET"]}}],"collection":[{"href":"https:\/\/venture-ai-germany.org\/en\/wp-json\/wp\/v2\/pages"}],"about":[{"href":"https:\/\/venture-ai-germany.org\/en\/wp-json\/wp\/v2\/types\/page"}],"author":[{"embeddable":true,"href":"https:\/\/venture-ai-germany.org\/en\/wp-json\/wp\/v2\/users\/1"}],"replies":[{"embeddable":true,"href":"https:\/\/venture-ai-germany.org\/en\/wp-json\/wp\/v2\/comments?post=62"}],"version-history":[{"count":20,"href":"https:\/\/venture-ai-germany.org\/en\/wp-json\/wp\/v2\/pages\/62\/revisions"}],"predecessor-version":[{"id":1130,"href":"https:\/\/venture-ai-germany.org\/en\/wp-json\/wp\/v2\/pages\/62\/revisions\/1130"}],"wp:featuredmedia":[{"embeddable":true,"href":"https:\/\/venture-ai-germany.org\/en\/wp-json\/wp\/v2\/media\/897"}],"wp:attachment":[{"href":"https:\/\/venture-ai-germany.org\/en\/wp-json\/wp\/v2\/media?parent=62"}],"curies":[{"name":"wp","href":"https:\/\/api.w.org\/{rel}","templated":true}]}}