{"id":79,"date":"2024-12-09T22:08:28","date_gmt":"2024-12-09T22:08:28","guid":{"rendered":"https:\/\/venture-ai-germany.org\/?page_id=79"},"modified":"2026-02-10T07:54:47","modified_gmt":"2026-02-10T07:54:47","slug":"datenschutz","status":"publish","type":"page","link":"https:\/\/venture-ai-germany.org\/en\/datenschutz\/","title":{"rendered":"Data protection"},"content":{"rendered":"<p>[et_pb_section fb_built=&#8220;1&#8243; admin_label=&#8220;Hero Section&#8220; _builder_version=&#8220;4.16&#8243; use_background_color_gradient=&#8220;on&#8220; background_color_gradient_type=&#8220;circular&#8220; background_color_gradient_direction_radial=&#8220;top&#8220; background_color_gradient_stops=&#8220;#2B2996 0%|#101535 50%&#8220; background_color_gradient_start=&#8220;#2B2996&#8243; background_color_gradient_end=&#8220;#101535&#8243; background_color_gradient_end_position=&#8220;50%&#8220; background_image=&#8220;https:\/\/venture-ai-germany.org\/wp-content\/uploads\/2024\/12\/crypto_illustration_17.png&#8220; background_size=&#8220;initial&#8220; background_position=&#8220;top_center&#8220; custom_padding=&#8220;50px||9px|||&#8220; global_colors_info=&#8220;{}&#8220;][et_pb_row _builder_version=&#8220;4.27.4&#8243; _module_preset=&#8220;default&#8220; custom_padding=&#8220;0px||50px|||&#8220; global_colors_info=&#8220;{}&#8220;][et_pb_column type=&#8220;4_4&#8243; _builder_version=&#8220;4.27.4&#8243; _module_preset=&#8220;default&#8220; global_colors_info=&#8220;{}&#8220;][et_pb_image src=&#8220;https:\/\/venture-ai-germany.org\/wp-content\/uploads\/2025\/08\/VENTURE-AI-GERMANY-1.png&#8220; title_text=&#8220;VENTURE AI GERMANY&#8220; url=&#8220;https:\/\/venture-ai-germany.org\/&#8220; _builder_version=&#8220;4.27.4&#8243; _module_preset=&#8220;default&#8220; width=&#8220;15%&#8220; width_tablet=&#8220;35%&#8220; width_phone=&#8220;45%&#8220; width_last_edited=&#8220;on|phone&#8220; custom_padding=&#8220;0px|||||&#8220; module_alignment_tablet=&#8220;&#8220; module_alignment_phone=&#8220;center&#8220; module_alignment_last_edited=&#8220;on|phone&#8220; global_colors_info=&#8220;{}&#8220;][\/et_pb_image][\/et_pb_column][\/et_pb_row][et_pb_row _builder_version=&#8220;4.16&#8243; background_size=&#8220;initial&#8220; background_position=&#8220;top_left&#8220; background_repeat=&#8220;repeat&#8220; module_alignment=&#8220;center&#8220; custom_padding=&#8220;||1px|||&#8220; custom_width_px=&#8220;700px&#8220; global_colors_info=&#8220;{}&#8220;][et_pb_column type=&#8220;4_4&#8243; _builder_version=&#8220;4.16&#8243; custom_padding=&#8220;|||&#8220; global_colors_info=&#8220;{}&#8220; custom_padding__hover=&#8220;|||&#8220;][et_pb_text _builder_version=&#8220;4.27.4&#8243; text_font=&#8220;||||||||&#8220; text_font_size=&#8220;18px&#8220; text_line_height=&#8220;2em&#8220; header_font=&#8220;Roboto Condensed||||||||&#8220; header_text_align=&#8220;left&#8220; header_font_size=&#8220;40px&#8220; header_line_height=&#8220;1.4em&#8220; header_2_font=&#8220;Titillium Web||||||||&#8220; header_2_font_size=&#8220;66px&#8220; header_2_line_height=&#8220;1.5em&#8220; header_3_font=&#8220;Titillium Web||||||||&#8220; header_3_font_size=&#8220;66px&#8220; header_3_line_height=&#8220;1.5em&#8220; header_4_font=&#8220;Titillium Web||||||||&#8220; header_4_font_size=&#8220;66px&#8220; header_4_line_height=&#8220;1.5em&#8220; header_5_font=&#8220;Titillium Web||||||||&#8220; header_5_font_size=&#8220;66px&#8220; header_5_line_height=&#8220;1.5em&#8220; header_6_font=&#8220;Titillium Web||||||||&#8220; header_6_font_size=&#8220;66px&#8220; header_6_line_height=&#8220;1.5em&#8220; text_orientation=&#8220;center&#8220; background_layout=&#8220;dark&#8220; max_width=&#8220;1161px&#8220; module_alignment=&#8220;center&#8220; header_font_size_tablet=&#8220;40px&#8220; header_font_size_phone=&#8220;&#8220; header_font_size_last_edited=&#8220;on|phone&#8220; global_colors_info=&#8220;{}&#8220;]<\/p>\n<h1>Datenschutz<\/h1>\n<p>[\/et_pb_text][\/et_pb_column][\/et_pb_row][et_pb_row _builder_version=&#8220;4.27.4&#8243; _module_preset=&#8220;default&#8220; global_colors_info=&#8220;{}&#8220;][et_pb_column type=&#8220;4_4&#8243; _builder_version=&#8220;4.27.4&#8243; _module_preset=&#8220;default&#8220; global_colors_info=&#8220;{}&#8220;][et_pb_text _builder_version=&#8220;4.27.5&#8243; _module_preset=&#8220;default&#8220; text_font=&#8220;Roboto Condensed||||||||&#8220; text_text_color=&#8220;#FFFFFF&#8220; text_font_size=&#8220;18px&#8220; text_line_height=&#8220;1.4em&#8220; hover_enabled=&#8220;0&#8243; global_colors_info=&#8220;{}&#8220; sticky_enabled=&#8220;0&#8243;]<\/p>\n<p><strong>A. Allgemeine Informationen und Datenschutzbeauftragter<\/strong><\/p>\n<p><strong>I. Schutz Ihrer Daten<\/strong><\/p>\n<p>Wir freuen uns \u00fcber Ihr Interesse an VENTURE AI GERMANY \u2013 Bundesverband f\u00fcr KI-Transformation e.V. und m\u00f6chten sicherstellen, dass Sie sich beim Besuch unserer Website sicher f\u00fchlen. Der Schutz Ihrer personenbezogenen Daten ist uns ein wichtiges Anliegen.<\/p>\n<p><strong>II. Verantwortlicher<\/strong><\/p>\n<p>Verantwortlich f\u00fcr die Verarbeitung Ihrer Daten auf der Website \u201eventure-ai-germany.org\u201c (nachfolgend \u201eWebsite\u201c) und im Rahmen weiterer Interaktionen mit uns ist der <strong>VENTURE AI GERMANY \u2013 Bundesverband f\u00fcr KI-Transformation e.V. <\/strong>(nachfolgend \u201ewir\u201c oder \u201eVenture AI Germany\u201c). Weitere Informationen finden Sie im <a href=\"https:\/\/www.venture-ai-germany.org\/impressum\">Impressum<\/a>.<\/p>\n<p><strong>III. Datenschutzbeauftragter<\/strong><\/p>\n<p>Unser Datenschutzbeauftragter steht Ihnen f\u00fcr Fragen zum Thema Datenschutz zur Verf\u00fcgung:<\/p>\n<p><strong>Adresse:<\/strong><br \/>Bundesverband f\u00fcr KI-Transformation e.V.<br \/>Leopoldstra\u00dfe 31<br \/>80802 M\u00fcnchen<\/p>\n<p>Register: VR200786<\/p>\n<p><strong>E-Mail: <\/strong><a href=\"mailto:datenschutz@bundesverband.ai\">datenschutz@bundesverband.ai<\/a><\/p>\n<p><strong>IV. Datenschutzgrunds\u00e4tze<\/strong><\/p>\n<p>Wir nehmen den Schutz Ihrer personenbezogenen Daten sehr ernst. Personenbezogene Daten sind alle Informationen, die auf Sie pers\u00f6nlich beziehbar sind, wie Name, Adresse, E-Mail-Adresse oder Nutzerverhalten. Diese Daten werden von uns unter Beachtung der geltenden datenschutzrechtlichen Vorschriften verarbeitet und nicht unberechtigt an Dritte weitergegeben.<\/p>\n<p><strong>V. Zweck der Datenschutzerkl\u00e4rung<\/strong><\/p>\n<p>Mit dieser Datenschutzerkl\u00e4rung informieren wir Sie dar\u00fcber, welche Daten wir erfassen, wie wir diese nutzen und welche Rechte Ihnen zustehen.<\/p>\n<p><strong>VI. Hinweis f\u00fcr Kinder unter 16 Jahren<\/strong><\/p>\n<p>Unser Angebot richtet sich nicht an Kinder unter 16 Jahren.<\/p>\n<p>&nbsp;<\/p>\n<p><strong>B. Datenverarbeitung beim Besuch unserer Website<\/strong><\/p>\n<p><strong>I. Informatorische Nutzung der Website<\/strong><\/p>\n<p>Bei rein informatorischer Nutzung unserer Website \u2013 also ohne Registrierung oder Kontaktaufnahme \u2013 verarbeiten wir ausschlie\u00dflich die Daten, die f\u00fcr die technische Bereitstellung der Website erforderlich sind. Diese umfassen:<\/p>\n<ul>\n<li>IP-Adresse<\/li>\n<li>Datum und Uhrzeit der Anfrage<\/li>\n<li>Zugriffsstatus (HTTP-Statuscode)<\/li>\n<li>Browsertyp und -version<\/li>\n<li>Betriebssystem<\/li>\n<li>Sprache und Version der Browsersoftware<\/li>\n<\/ul>\n<p>Die Verarbeitung erfolgt auf Grundlage unseres berechtigten Interesses gem\u00e4\u00df Art. 6 Abs. 1 S. 1 lit. f DSGVO, um die Stabilit\u00e4t und Sicherheit der Website zu gew\u00e4hrleisten. Diese Daten werden nach 7 Tagen gel\u00f6scht.<\/p>\n<p><strong>II. Verwendung von Cookies<\/strong><\/p>\n<ul>\n<li><strong>Technisch notwendige Cookies:<\/strong> Diese Cookies sind f\u00fcr den Betrieb der Website erforderlich.<\/li>\n<li><strong>Optionale Cookies:<\/strong> Diese verwenden wir nur nach Ihrer ausdr\u00fccklichen Einwilligung (Art. 6 Abs. 1 lit. a DSGVO). Sie k\u00f6nnen diese Einwilligung jederzeit widerrufen.<\/li>\n<\/ul>\n<p>Detaillierte Informationen finden Sie in unserer Cookie-Richtlinie.<\/p>\n<p>&nbsp;<\/p>\n<p><strong>C. Datenverarbeitung im Rahmen von Mitgliedschaften<\/strong><\/p>\n<p><strong>I. Verarbeitung von Mitgliederdaten<\/strong><\/p>\n<p>Wir erheben und verarbeiten personenbezogene Daten zur Verwaltung Ihrer Mitgliedschaft, zur Einladung zu Veranstaltungen und f\u00fcr Kommunikationszwecke. Diese umfassen:<\/p>\n<ul>\n<li>Name und Kontaktdaten des Ansprechpartners<\/li>\n<li>Unternehmensinformationen<\/li>\n<li>Daten f\u00fcr die Zahlungsabwicklung von Mitgliedsbeitr\u00e4gen<\/li>\n<\/ul>\n<p>Die Rechtsgrundlage hierf\u00fcr ist Art. 6 Abs. 1 lit. b DSGVO (Vertragserf\u00fcllung).<\/p>\n<p><strong>II. Speicherdauer<\/strong><\/p>\n<p>Ihre Daten werden f\u00fcr die Dauer der Mitgliedschaft gespeichert und nach Beendigung der Mitgliedschaft gel\u00f6scht, sofern keine gesetzlichen Aufbewahrungspflichten entgegenstehen.<\/p>\n<p>&nbsp;<\/p>\n<p><strong>D. Ihre Rechte<\/strong><\/p>\n<p><strong>I. Widerrufs- und Widerspruchsrecht<\/strong><\/p>\n<ul>\n<li>Sie k\u00f6nnen Ihre Einwilligung zur Verarbeitung personenbezogener Daten jederzeit mit Wirkung f\u00fcr die Zukunft widerrufen.<\/li>\n<li>Sie haben das Recht, der Verarbeitung Ihrer Daten zu widersprechen, sofern diese auf Art. 6 Abs. 1 lit. f DSGVO basiert.<\/li>\n<\/ul>\n<p><strong>II. Weitere Rechte<\/strong><\/p>\n<ul>\n<li>Auskunft \u00fcber Ihre gespeicherten Daten (Art. 15 DSGVO)<\/li>\n<li>Berichtigung unrichtiger Daten (Art. 16 DSGVO)<\/li>\n<li>L\u00f6schung Ihrer Daten (Art. 17 DSGVO), sofern keine gesetzlichen Aufbewahrungsfristen bestehen<\/li>\n<li>Einschr\u00e4nkung der Verarbeitung (Art. 18 DSGVO)<\/li>\n<li>Daten\u00fcbertragbarkeit (Art. 20 DSGVO)<\/li>\n<\/ul>\n<p><strong>III. Kontakt zur Aus\u00fcbung Ihrer Rechte<\/strong><\/p>\n<p>Bitte richten Sie Ihre Anfragen an <a href=\"mailto:datenschutz@venture-ai-germany.org\">datenschutz@venture-ai-germany.org<\/a>. Wir stellen sicher, dass Ihre Anliegen z\u00fcgig bearbeitet werden.<\/p>\n<p>&nbsp;<\/p>\n<p><strong>E. Datensicherheit<\/strong><\/p>\n<p>Wir setzen technische und organisatorische Ma\u00dfnahmen ein, um Ihre Daten gegen unbefugten Zugriff, Verlust oder Zerst\u00f6rung zu sch\u00fctzen. Unsere Sicherheitsma\u00dfnahmen entsprechen dem aktuellen Stand der Technik.<\/p>\n<p>Diese Datenschutzerkl\u00e4rung wird regelm\u00e4\u00dfig \u00fcberpr\u00fcft und bei Bedarf aktualisiert, um gesetzlichen Anforderungen oder \u00c4nderungen unserer Dienstleistungen gerecht zu werden.<\/p>\n<p>[\/et_pb_text][\/et_pb_column][\/et_pb_row][\/et_pb_section][et_pb_section fb_built=&#8220;1&#8243; admin_label=&#8220;Features Section&#8220; _builder_version=&#8220;4.16&#8243; background_color=&#8220;#101535&#8243; custom_margin=&#8220;|||&#8220; custom_padding=&#8220;8px||6px|||&#8220; global_colors_info=&#8220;{}&#8220;][\/et_pb_section][et_pb_section fb_built=&#8220;1&#8243; custom_padding_last_edited=&#8220;on|phone&#8220; prev_background_color=&#8220;#101535&#8243; admin_label=&#8220;Contact&#8220; _builder_version=&#8220;4.16&#8243; use_background_color_gradient=&#8220;on&#8220; background_color_gradient_stops=&#8220;#12163D 0%|#2b2996 100%&#8220; background_color_gradient_start=&#8220;#12163D&#8220; background_color_gradient_end=&#8220;#2b2996&#8243; background_image=&#8220;https:\/\/venture-ai-germany.org\/wp-content\/uploads\/2024\/12\/crypto-bg-02.png&#8220; parallax=&#8220;on&#8220; custom_margin=&#8220;|||&#8220; custom_padding=&#8220;400px|0|120px||false|false&#8220; custom_padding_tablet=&#8220;200px|||&#8220; custom_padding_phone=&#8220;150px||100px|&#8220; top_divider_style=&#8220;arrow2&#8243; top_divider_height=&#8220;350px&#8220; top_divider_height_tablet=&#8220;200px&#8220; top_divider_height_phone=&#8220;150px&#8220; top_divider_height_last_edited=&#8220;on|phone&#8220; global_colors_info=&#8220;{}&#8220;][\/et_pb_section][et_pb_section fb_built=&#8220;1&#8243; _builder_version=&#8220;4.27.4&#8243; _module_preset=&#8220;default&#8220; background_color=&#8220;#000000&#8243; custom_padding=&#8220;100px||50px|||&#8220; global_module=&#8220;76&#8243; saved_tabs=&#8220;all&#8220; global_colors_info=&#8220;{}&#8220;][et_pb_row column_structure=&#8220;1_2,1_4,1_4&#8243; _builder_version=&#8220;4.27.4&#8243; _module_preset=&#8220;default&#8220; global_colors_info=&#8220;{}&#8220;][et_pb_column type=&#8220;1_2&#8243; _builder_version=&#8220;4.27.4&#8243; _module_preset=&#8220;default&#8220; global_colors_info=&#8220;{}&#8220;][et_pb_image src=&#8220;https:\/\/venture-ai-germany.org\/wp-content\/uploads\/2025\/09\/5.png&#8220; title_text=&#8220;Venture AI Germany&#8220; _builder_version=&#8220;4.27.4&#8243; _module_preset=&#8220;default&#8220; width=&#8220;85%&#8220; width_tablet=&#8220;&#8220; width_phone=&#8220;90%&#8220; width_last_edited=&#8220;on|phone&#8220; global_colors_info=&#8220;{}&#8220;][\/et_pb_image][et_pb_text _builder_version=&#8220;4.27.4&#8243; _module_preset=&#8220;default&#8220; text_font=&#8220;Roboto Condensed||||||||&#8220; text_text_color=&#8220;#FFFFFF&#8220; text_font_size=&#8220;16px&#8220; text_line_height=&#8220;1.4em&#8220; global_colors_info=&#8220;{}&#8220;]<\/p>\n<p>Wir f\u00f6rdern die wirtschaftliche, gesellschaftliche und technologische Transformation durch die konsequente Nutzung K\u00fcnstlicher Intelligenz.<\/p>\n<p>[\/et_pb_text][\/et_pb_column][et_pb_column type=&#8220;1_4&#8243; _builder_version=&#8220;4.27.4&#8243; _module_preset=&#8220;default&#8220; global_colors_info=&#8220;{}&#8220;][et_pb_text _builder_version=&#8220;4.27.4&#8243; _module_preset=&#8220;default&#8220; text_font=&#8220;Roboto Condensed||||||||&#8220; text_text_color=&#8220;#FFFFFF&#8220; text_font_size=&#8220;16px&#8220; text_line_height=&#8220;1.4em&#8220; global_colors_info=&#8220;{}&#8220;]<\/p>\n<p><strong>NETZWERK<\/strong><\/p>\n<p><a href=\"https:\/\/www.venture-ai-germany.space\" target=\"_blank\" rel=\"noopener\">www.venture-ai-germany.space<\/a><\/p>\n<p>[\/et_pb_text][et_pb_text _builder_version=&#8220;4.27.4&#8243; _module_preset=&#8220;default&#8220; text_font=&#8220;Roboto Condensed||||||||&#8220; text_text_color=&#8220;#FFFFFF&#8220; text_font_size=&#8220;16px&#8220; text_line_height=&#8220;1.4em&#8220; global_colors_info=&#8220;{}&#8220;]<\/p>\n<p><strong>PUBLIKATIONEN<\/strong><\/p>\n<p><a href=\"https:\/\/www.linkedin.com\/company\/bundesverband\" target=\"_blank\" rel=\"noopener\">Verbandsseite auf LinkedIn<\/a><br \/><a href=\"https:\/\/normanmueller.substack.com\/\" target=\"_blank\" rel=\"noopener\">Blog &amp;\u00a0Newsletter<\/a><\/p>\n<p>[\/et_pb_text][\/et_pb_column][et_pb_column type=&#8220;1_4&#8243; _builder_version=&#8220;4.27.4&#8243; _module_preset=&#8220;default&#8220; global_colors_info=&#8220;{}&#8220;][et_pb_text _builder_version=&#8220;4.27.5&#8243; _module_preset=&#8220;default&#8220; text_font=&#8220;Roboto Condensed||||||||&#8220; text_text_color=&#8220;#FFFFFF&#8220; text_font_size=&#8220;16px&#8220; text_line_height=&#8220;1.4em&#8220; global_colors_info=&#8220;{}&#8220;]<\/p>\n<p><strong>KONTAKT<\/strong><\/p>\n<p>Leopoldstra\u00dfe 31\u00a0<br \/>80802 M\u00fcnchen<\/p>\n<p><a href=\"mailto:team@bundesverband.ai\" target=\"_blank\" rel=\"noopener\">team@bundesverband.ai<\/a><\/p>\n<p><strong>META<\/strong><\/p>\n<p><a href=\"https:\/\/venture-ai-germany.org\/impressum\/\">Impressum<\/a><br \/><a href=\"https:\/\/venture-ai-germany.org\/datenschutz\">Datenschutzerkl\u00e4rung<\/a><br \/><a href=\"https:\/\/venture-ai-germany.org\/satzung\">Satzung und Beitragsordnung<\/a><br \/><a href=\"https:\/\/venture-ai-germany.org\/mitgliedschaft\">Mitgliedschaft<\/a><\/p>\n<p>[\/et_pb_text][\/et_pb_column][\/et_pb_row][\/et_pb_section]<\/p>\n","protected":false},"excerpt":{"rendered":"<p>DatenschutzA. Allgemeine Informationen und Datenschutzbeauftragter I. Schutz Ihrer Daten Wir freuen uns \u00fcber Ihr Interesse an VENTURE AI GERMANY \u2013 Bundesverband f\u00fcr KI-Transformation e.V. und m\u00f6chten sicherstellen, dass Sie sich beim Besuch unserer Website sicher f\u00fchlen. Der Schutz Ihrer personenbezogenen Daten ist uns ein wichtiges Anliegen. II. Verantwortlicher Verantwortlich f\u00fcr die Verarbeitung Ihrer Daten auf [&hellip;]<\/p>\n","protected":false},"author":1,"featured_media":897,"parent":0,"menu_order":0,"comment_status":"closed","ping_status":"closed","template":"page-template-blank.php","meta":{"_et_pb_use_builder":"on","_et_pb_old_content":"","_et_gb_content_width":"","footnotes":""},"class_list":["post-79","page","type-page","status-publish","has-post-thumbnail","hentry"],"yoast_head":"<!-- This site is optimized with the Yoast SEO plugin v27.5 - https:\/\/yoast.com\/product\/yoast-seo-wordpress\/ -->\n<title>Datenschutz - VENTURE AI GERMANY<\/title>\n<meta name=\"robots\" content=\"index, follow, max-snippet:-1, max-image-preview:large, max-video-preview:-1\" \/>\n<link rel=\"canonical\" href=\"https:\/\/venture-ai-germany.org\/en\/datenschutz\/\" \/>\n<meta property=\"og:locale\" content=\"en_US\" \/>\n<meta property=\"og:type\" content=\"article\" \/>\n<meta property=\"og:title\" content=\"Datenschutz - VENTURE AI GERMANY\" \/>\n<meta property=\"og:description\" content=\"DatenschutzA. Allgemeine Informationen und Datenschutzbeauftragter I. Schutz Ihrer Daten Wir freuen uns \u00fcber Ihr Interesse an VENTURE AI GERMANY \u2013 Bundesverband f\u00fcr KI-Transformation e.V. und m\u00f6chten sicherstellen, dass Sie sich beim Besuch unserer Website sicher f\u00fchlen. Der Schutz Ihrer personenbezogenen Daten ist uns ein wichtiges Anliegen. II. Verantwortlicher Verantwortlich f\u00fcr die Verarbeitung Ihrer Daten auf [&hellip;]\" \/>\n<meta property=\"og:url\" content=\"https:\/\/venture-ai-germany.org\/en\/datenschutz\/\" \/>\n<meta property=\"og:site_name\" content=\"VENTURE AI GERMANY\" \/>\n<meta property=\"article:modified_time\" content=\"2026-02-10T07:54:47+00:00\" \/>\n<meta property=\"og:image\" content=\"https:\/\/venture-ai-germany.org\/wp-content\/uploads\/2025\/09\/Bundesverband-fuer-KI-Transformation-1600-x-457-px-1601-x-838-px-1600-x-900-px.png\" \/>\n\t<meta property=\"og:image:width\" content=\"1600\" \/>\n\t<meta property=\"og:image:height\" content=\"900\" \/>\n\t<meta property=\"og:image:type\" content=\"image\/png\" \/>\n<meta name=\"twitter:card\" content=\"summary_large_image\" \/>\n<meta name=\"twitter:label1\" content=\"Est. reading time\" \/>\n\t<meta name=\"twitter:data1\" content=\"7 minutes\" \/>\n<script type=\"application\/ld+json\" class=\"yoast-schema-graph\">{\"@context\":\"https:\\\/\\\/schema.org\",\"@graph\":[{\"@type\":\"WebPage\",\"@id\":\"https:\\\/\\\/venture-ai-germany.org\\\/datenschutz\\\/\",\"url\":\"https:\\\/\\\/venture-ai-germany.org\\\/datenschutz\\\/\",\"name\":\"Datenschutz - VENTURE AI GERMANY\",\"isPartOf\":{\"@id\":\"https:\\\/\\\/venture-ai-germany.org\\\/#website\"},\"primaryImageOfPage\":{\"@id\":\"https:\\\/\\\/venture-ai-germany.org\\\/datenschutz\\\/#primaryimage\"},\"image\":{\"@id\":\"https:\\\/\\\/venture-ai-germany.org\\\/datenschutz\\\/#primaryimage\"},\"thumbnailUrl\":\"https:\\\/\\\/venture-ai-germany.org\\\/wp-content\\\/uploads\\\/2025\\\/09\\\/Bundesverband-fuer-KI-Transformation-1600-x-457-px-1601-x-838-px-1600-x-900-px.png\",\"datePublished\":\"2024-12-09T22:08:28+00:00\",\"dateModified\":\"2026-02-10T07:54:47+00:00\",\"breadcrumb\":{\"@id\":\"https:\\\/\\\/venture-ai-germany.org\\\/datenschutz\\\/#breadcrumb\"},\"inLanguage\":\"en-US\",\"potentialAction\":[{\"@type\":\"ReadAction\",\"target\":[\"https:\\\/\\\/venture-ai-germany.org\\\/datenschutz\\\/\"]}]},{\"@type\":\"ImageObject\",\"inLanguage\":\"en-US\",\"@id\":\"https:\\\/\\\/venture-ai-germany.org\\\/datenschutz\\\/#primaryimage\",\"url\":\"https:\\\/\\\/venture-ai-germany.org\\\/wp-content\\\/uploads\\\/2025\\\/09\\\/Bundesverband-fuer-KI-Transformation-1600-x-457-px-1601-x-838-px-1600-x-900-px.png\",\"contentUrl\":\"https:\\\/\\\/venture-ai-germany.org\\\/wp-content\\\/uploads\\\/2025\\\/09\\\/Bundesverband-fuer-KI-Transformation-1600-x-457-px-1601-x-838-px-1600-x-900-px.png\",\"width\":1600,\"height\":900},{\"@type\":\"BreadcrumbList\",\"@id\":\"https:\\\/\\\/venture-ai-germany.org\\\/datenschutz\\\/#breadcrumb\",\"itemListElement\":[{\"@type\":\"ListItem\",\"position\":1,\"name\":\"Start\",\"item\":\"https:\\\/\\\/venture-ai-germany.org\\\/\"},{\"@type\":\"ListItem\",\"position\":2,\"name\":\"Datenschutz\"}]},{\"@type\":\"WebSite\",\"@id\":\"https:\\\/\\\/venture-ai-germany.org\\\/#website\",\"url\":\"https:\\\/\\\/venture-ai-germany.org\\\/\",\"name\":\"VENTURE AI GERMANY\",\"description\":\"Bundesverband f&uuml;r KI-Transformation e.V.\",\"potentialAction\":[{\"@type\":\"SearchAction\",\"target\":{\"@type\":\"EntryPoint\",\"urlTemplate\":\"https:\\\/\\\/venture-ai-germany.org\\\/?s={search_term_string}\"},\"query-input\":{\"@type\":\"PropertyValueSpecification\",\"valueRequired\":true,\"valueName\":\"search_term_string\"}}],\"inLanguage\":\"en-US\"}]}<\/script>\n<!-- \/ Yoast SEO plugin. -->","yoast_head_json":{"title":"Datenschutz - VENTURE AI GERMANY","robots":{"index":"index","follow":"follow","max-snippet":"max-snippet:-1","max-image-preview":"max-image-preview:large","max-video-preview":"max-video-preview:-1"},"canonical":"https:\/\/venture-ai-germany.org\/en\/datenschutz\/","og_locale":"en_US","og_type":"article","og_title":"Datenschutz - VENTURE AI GERMANY","og_description":"DatenschutzA. Allgemeine Informationen und Datenschutzbeauftragter I. Schutz Ihrer Daten Wir freuen uns \u00fcber Ihr Interesse an VENTURE AI GERMANY \u2013 Bundesverband f\u00fcr KI-Transformation e.V. und m\u00f6chten sicherstellen, dass Sie sich beim Besuch unserer Website sicher f\u00fchlen. Der Schutz Ihrer personenbezogenen Daten ist uns ein wichtiges Anliegen. II. Verantwortlicher Verantwortlich f\u00fcr die Verarbeitung Ihrer Daten auf [&hellip;]","og_url":"https:\/\/venture-ai-germany.org\/en\/datenschutz\/","og_site_name":"VENTURE AI GERMANY","article_modified_time":"2026-02-10T07:54:47+00:00","og_image":[{"width":1600,"height":900,"url":"https:\/\/venture-ai-germany.org\/wp-content\/uploads\/2025\/09\/Bundesverband-fuer-KI-Transformation-1600-x-457-px-1601-x-838-px-1600-x-900-px.png","type":"image\/png"}],"twitter_card":"summary_large_image","twitter_misc":{"Est. reading time":"7 minutes"},"schema":{"@context":"https:\/\/schema.org","@graph":[{"@type":"WebPage","@id":"https:\/\/venture-ai-germany.org\/datenschutz\/","url":"https:\/\/venture-ai-germany.org\/datenschutz\/","name":"Datenschutz - VENTURE AI GERMANY","isPartOf":{"@id":"https:\/\/venture-ai-germany.org\/#website"},"primaryImageOfPage":{"@id":"https:\/\/venture-ai-germany.org\/datenschutz\/#primaryimage"},"image":{"@id":"https:\/\/venture-ai-germany.org\/datenschutz\/#primaryimage"},"thumbnailUrl":"https:\/\/venture-ai-germany.org\/wp-content\/uploads\/2025\/09\/Bundesverband-fuer-KI-Transformation-1600-x-457-px-1601-x-838-px-1600-x-900-px.png","datePublished":"2024-12-09T22:08:28+00:00","dateModified":"2026-02-10T07:54:47+00:00","breadcrumb":{"@id":"https:\/\/venture-ai-germany.org\/datenschutz\/#breadcrumb"},"inLanguage":"en-US","potentialAction":[{"@type":"ReadAction","target":["https:\/\/venture-ai-germany.org\/datenschutz\/"]}]},{"@type":"ImageObject","inLanguage":"en-US","@id":"https:\/\/venture-ai-germany.org\/datenschutz\/#primaryimage","url":"https:\/\/venture-ai-germany.org\/wp-content\/uploads\/2025\/09\/Bundesverband-fuer-KI-Transformation-1600-x-457-px-1601-x-838-px-1600-x-900-px.png","contentUrl":"https:\/\/venture-ai-germany.org\/wp-content\/uploads\/2025\/09\/Bundesverband-fuer-KI-Transformation-1600-x-457-px-1601-x-838-px-1600-x-900-px.png","width":1600,"height":900},{"@type":"BreadcrumbList","@id":"https:\/\/venture-ai-germany.org\/datenschutz\/#breadcrumb","itemListElement":[{"@type":"ListItem","position":1,"name":"Start","item":"https:\/\/venture-ai-germany.org\/"},{"@type":"ListItem","position":2,"name":"Datenschutz"}]},{"@type":"WebSite","@id":"https:\/\/venture-ai-germany.org\/#website","url":"https:\/\/venture-ai-germany.org\/","name":"VENTURE AI GERMANY","description":"Bundesverband f&uuml;r KI-Transformation e.V.","potentialAction":[{"@type":"SearchAction","target":{"@type":"EntryPoint","urlTemplate":"https:\/\/venture-ai-germany.org\/?s={search_term_string}"},"query-input":{"@type":"PropertyValueSpecification","valueRequired":true,"valueName":"search_term_string"}}],"inLanguage":"en-US"}]}},"jetpack_sharing_enabled":true,"_links":{"self":[{"href":"https:\/\/venture-ai-germany.org\/en\/wp-json\/wp\/v2\/pages\/79","targetHints":{"allow":["GET"]}}],"collection":[{"href":"https:\/\/venture-ai-germany.org\/en\/wp-json\/wp\/v2\/pages"}],"about":[{"href":"https:\/\/venture-ai-germany.org\/en\/wp-json\/wp\/v2\/types\/page"}],"author":[{"embeddable":true,"href":"https:\/\/venture-ai-germany.org\/en\/wp-json\/wp\/v2\/users\/1"}],"replies":[{"embeddable":true,"href":"https:\/\/venture-ai-germany.org\/en\/wp-json\/wp\/v2\/comments?post=79"}],"version-history":[{"count":16,"href":"https:\/\/venture-ai-germany.org\/en\/wp-json\/wp\/v2\/pages\/79\/revisions"}],"predecessor-version":[{"id":1132,"href":"https:\/\/venture-ai-germany.org\/en\/wp-json\/wp\/v2\/pages\/79\/revisions\/1132"}],"wp:featuredmedia":[{"embeddable":true,"href":"https:\/\/venture-ai-germany.org\/en\/wp-json\/wp\/v2\/media\/897"}],"wp:attachment":[{"href":"https:\/\/venture-ai-germany.org\/en\/wp-json\/wp\/v2\/media?parent=79"}],"curies":[{"name":"wp","href":"https:\/\/api.w.org\/{rel}","templated":true}]}}